{"id":583,"date":"2018-03-17T17:45:38","date_gmt":"2018-03-17T17:45:38","guid":{"rendered":"http:\/\/www.ilike-it.de\/?page_id=583"},"modified":"2018-03-18T14:12:40","modified_gmt":"2018-03-18T14:12:40","slug":"smart-home","status":"publish","type":"page","link":"http:\/\/www.ilike-it.de\/?page_id=583","title":{"rendered":"Smart Home"},"content":{"rendered":"<div id=\"pl-583\"  class=\"panel-layout\" ><div id=\"pg-583-0\"  class=\"panel-grid panel-has-style\" ><div style=\"padding: 100px 0; \" data-overlay=\"true\" data-overlay-color=\"#000000\" class=\"panel-row-style panel-row-style-for-583-0\" ><div id=\"pgc-583-0-0\"  class=\"panel-grid-cell\" ><div id=\"panel-583-0-0-0\" class=\"so-panel widget widget_sow-slider panel-first-child panel-last-child\" data-index=\"0\" ><div style=\"text-align: left;\" data-title-color=\"#443f3f\" data-headings-color=\"#443f3f\" class=\"panel-widget-style panel-widget-style-for-583-0-0-0\" ><div\n\t\t\t\n\t\t\tclass=\"so-widget-sow-slider so-widget-sow-slider-default-f8e9b2e74091-583\"\n\t\t\t\n\t\t>\t\t\t\t<div class=\"sow-slider-base\" style=\"display: none\" tabindex=\"0\">\n\t\t\t\t\t<ul\n\t\t\t\t\tclass=\"sow-slider-images\"\n\t\t\t\t\tdata-settings=\"{&quot;pagination&quot;:true,&quot;speed&quot;:800,&quot;timeout&quot;:3000,&quot;paused&quot;:false,&quot;pause_on_hover&quot;:false,&quot;swipe&quot;:true,&quot;nav_always_show_desktop&quot;:&quot;&quot;,&quot;nav_always_show_mobile&quot;:&quot;&quot;,&quot;breakpoint&quot;:&quot;780px&quot;,&quot;unmute&quot;:false,&quot;anchor&quot;:null}\"\n\t\t\t\t\t\t\t\t\t\tdata-anchor-id=\"\"\n\t\t\t\t>\t\t<li class=\"sow-slider-image\" style=\"visibility: visible;\" >\n\t\t\t\t\t\t<div class=\"sow-slider-image-container\">\n\t\t\t\t<div class=\"sow-slider-image-wrapper\" style=\"max-width: 1382px\">\n\t\t\t\t\t\t\t\t\t\t<div class=\"sow-slider-image-foreground-wrapper\">\n\t\t\t\t\t\t<img loading=\"lazy\" decoding=\"async\" width=\"1382\" height=\"885\" src=\"http:\/\/www.ilike-it.de\/wp-content\/uploads\/2018\/03\/ioBroker.png\" class=\"sow-slider-foreground-image\" alt=\"\" style=\"\" srcset=\"http:\/\/www.ilike-it.de\/wp-content\/uploads\/2018\/03\/ioBroker.png 1382w, http:\/\/www.ilike-it.de\/wp-content\/uploads\/2018\/03\/ioBroker-300x192.png 300w, http:\/\/www.ilike-it.de\/wp-content\/uploads\/2018\/03\/ioBroker-768x492.png 768w, http:\/\/www.ilike-it.de\/wp-content\/uploads\/2018\/03\/ioBroker-1024x656.png 1024w, http:\/\/www.ilike-it.de\/wp-content\/uploads\/2018\/03\/ioBroker-830x532.png 830w, http:\/\/www.ilike-it.de\/wp-content\/uploads\/2018\/03\/ioBroker-230x147.png 230w, http:\/\/www.ilike-it.de\/wp-content\/uploads\/2018\/03\/ioBroker-350x224.png 350w, http:\/\/www.ilike-it.de\/wp-content\/uploads\/2018\/03\/ioBroker-480x307.png 480w\" sizes=\"auto, (max-width: 1382px) 100vw, 1382px\" \/>\t\t\t\t\t<\/div>\n\t\t\t\t\t\t\t\t\t<\/div>\n\t\t\t<\/div>\n\t\t\t\t\t<\/li>\n\t\t\t\t<li class=\"sow-slider-image\" style=\"visibility: hidden;\" >\n\t\t\t\t\t\t<div class=\"sow-slider-image-container\">\n\t\t\t\t<div class=\"sow-slider-image-wrapper\" style=\"max-width: 1382px\">\n\t\t\t\t\t\t\t\t\t\t<div class=\"sow-slider-image-foreground-wrapper\">\n\t\t\t\t\t\t<img loading=\"lazy\" decoding=\"async\" width=\"1382\" height=\"885\" src=\"http:\/\/www.ilike-it.de\/wp-content\/uploads\/2018\/03\/ioB_VIS_Editor.png\" class=\"sow-slider-foreground-image\" alt=\"\" style=\"\" srcset=\"http:\/\/www.ilike-it.de\/wp-content\/uploads\/2018\/03\/ioB_VIS_Editor.png 1382w, http:\/\/www.ilike-it.de\/wp-content\/uploads\/2018\/03\/ioB_VIS_Editor-300x192.png 300w, http:\/\/www.ilike-it.de\/wp-content\/uploads\/2018\/03\/ioB_VIS_Editor-768x492.png 768w, http:\/\/www.ilike-it.de\/wp-content\/uploads\/2018\/03\/ioB_VIS_Editor-1024x656.png 1024w, http:\/\/www.ilike-it.de\/wp-content\/uploads\/2018\/03\/ioB_VIS_Editor-830x532.png 830w, http:\/\/www.ilike-it.de\/wp-content\/uploads\/2018\/03\/ioB_VIS_Editor-230x147.png 230w, http:\/\/www.ilike-it.de\/wp-content\/uploads\/2018\/03\/ioB_VIS_Editor-350x224.png 350w, http:\/\/www.ilike-it.de\/wp-content\/uploads\/2018\/03\/ioB_VIS_Editor-480x307.png 480w\" sizes=\"auto, (max-width: 1382px) 100vw, 1382px\" \/>\t\t\t\t\t<\/div>\n\t\t\t\t\t\t\t\t\t<\/div>\n\t\t\t<\/div>\n\t\t\t\t\t<\/li>\n\t\t\t\t<li class=\"sow-slider-image\" style=\"visibility: hidden;\" >\n\t\t\t\t\t\t<div class=\"sow-slider-image-container\">\n\t\t\t\t<div class=\"sow-slider-image-wrapper\" style=\"max-width: 1382px\">\n\t\t\t\t\t\t\t\t\t\t<div class=\"sow-slider-image-foreground-wrapper\">\n\t\t\t\t\t\t<img loading=\"lazy\" decoding=\"async\" width=\"1382\" height=\"885\" src=\"http:\/\/www.ilike-it.de\/wp-content\/uploads\/2018\/03\/CCU_Ger\u00e4te.png\" class=\"sow-slider-foreground-image\" alt=\"\" style=\"\" srcset=\"http:\/\/www.ilike-it.de\/wp-content\/uploads\/2018\/03\/CCU_Ger\u00e4te.png 1382w, http:\/\/www.ilike-it.de\/wp-content\/uploads\/2018\/03\/CCU_Ger\u00e4te-300x192.png 300w, http:\/\/www.ilike-it.de\/wp-content\/uploads\/2018\/03\/CCU_Ger\u00e4te-768x492.png 768w, http:\/\/www.ilike-it.de\/wp-content\/uploads\/2018\/03\/CCU_Ger\u00e4te-1024x656.png 1024w, http:\/\/www.ilike-it.de\/wp-content\/uploads\/2018\/03\/CCU_Ger\u00e4te-830x532.png 830w, http:\/\/www.ilike-it.de\/wp-content\/uploads\/2018\/03\/CCU_Ger\u00e4te-230x147.png 230w, http:\/\/www.ilike-it.de\/wp-content\/uploads\/2018\/03\/CCU_Ger\u00e4te-350x224.png 350w, http:\/\/www.ilike-it.de\/wp-content\/uploads\/2018\/03\/CCU_Ger\u00e4te-480x307.png 480w\" sizes=\"auto, (max-width: 1382px) 100vw, 1382px\" \/>\t\t\t\t\t<\/div>\n\t\t\t\t\t\t\t\t\t<\/div>\n\t\t\t<\/div>\n\t\t\t\t\t<\/li>\n\t\t\t\t<li class=\"sow-slider-image\" style=\"visibility: hidden;\" >\n\t\t\t\t\t\t<div class=\"sow-slider-image-container\">\n\t\t\t\t<div class=\"sow-slider-image-wrapper\" style=\"max-width: 1382px\">\n\t\t\t\t\t\t\t\t\t\t<div class=\"sow-slider-image-foreground-wrapper\">\n\t\t\t\t\t\t<img loading=\"lazy\" decoding=\"async\" width=\"1382\" height=\"885\" src=\"http:\/\/www.ilike-it.de\/wp-content\/uploads\/2018\/03\/CCU_PRG_Detail.png\" class=\"sow-slider-foreground-image\" alt=\"\" style=\"\" srcset=\"http:\/\/www.ilike-it.de\/wp-content\/uploads\/2018\/03\/CCU_PRG_Detail.png 1382w, http:\/\/www.ilike-it.de\/wp-content\/uploads\/2018\/03\/CCU_PRG_Detail-300x192.png 300w, http:\/\/www.ilike-it.de\/wp-content\/uploads\/2018\/03\/CCU_PRG_Detail-768x492.png 768w, http:\/\/www.ilike-it.de\/wp-content\/uploads\/2018\/03\/CCU_PRG_Detail-1024x656.png 1024w, http:\/\/www.ilike-it.de\/wp-content\/uploads\/2018\/03\/CCU_PRG_Detail-830x532.png 830w, http:\/\/www.ilike-it.de\/wp-content\/uploads\/2018\/03\/CCU_PRG_Detail-230x147.png 230w, http:\/\/www.ilike-it.de\/wp-content\/uploads\/2018\/03\/CCU_PRG_Detail-350x224.png 350w, http:\/\/www.ilike-it.de\/wp-content\/uploads\/2018\/03\/CCU_PRG_Detail-480x307.png 480w\" sizes=\"auto, (max-width: 1382px) 100vw, 1382px\" \/>\t\t\t\t\t<\/div>\n\t\t\t\t\t\t\t\t\t<\/div>\n\t\t\t<\/div>\n\t\t\t\t\t<\/li>\n\t\t\t\t<li class=\"sow-slider-image\" style=\"visibility: hidden;\" >\n\t\t\t\t\t\t<div class=\"sow-slider-image-container\">\n\t\t\t\t<div class=\"sow-slider-image-wrapper\" style=\"max-width: 1382px\">\n\t\t\t\t\t\t\t\t\t\t<div class=\"sow-slider-image-foreground-wrapper\">\n\t\t\t\t\t\t<img loading=\"lazy\" decoding=\"async\" width=\"1382\" height=\"885\" src=\"http:\/\/www.ilike-it.de\/wp-content\/uploads\/2018\/03\/ioB_VIS_Editor.png\" class=\"sow-slider-foreground-image\" alt=\"\" style=\"\" srcset=\"http:\/\/www.ilike-it.de\/wp-content\/uploads\/2018\/03\/ioB_VIS_Editor.png 1382w, http:\/\/www.ilike-it.de\/wp-content\/uploads\/2018\/03\/ioB_VIS_Editor-300x192.png 300w, http:\/\/www.ilike-it.de\/wp-content\/uploads\/2018\/03\/ioB_VIS_Editor-768x492.png 768w, http:\/\/www.ilike-it.de\/wp-content\/uploads\/2018\/03\/ioB_VIS_Editor-1024x656.png 1024w, http:\/\/www.ilike-it.de\/wp-content\/uploads\/2018\/03\/ioB_VIS_Editor-830x532.png 830w, http:\/\/www.ilike-it.de\/wp-content\/uploads\/2018\/03\/ioB_VIS_Editor-230x147.png 230w, http:\/\/www.ilike-it.de\/wp-content\/uploads\/2018\/03\/ioB_VIS_Editor-350x224.png 350w, http:\/\/www.ilike-it.de\/wp-content\/uploads\/2018\/03\/ioB_VIS_Editor-480x307.png 480w\" sizes=\"auto, (max-width: 1382px) 100vw, 1382px\" \/>\t\t\t\t\t<\/div>\n\t\t\t\t\t\t\t\t\t<\/div>\n\t\t\t<\/div>\n\t\t\t\t\t<\/li>\n\t\t<\/ul>\t\t\t\t<ol class=\"sow-slider-pagination\">\n\t\t\t\t\t\t\t\t\t\t\t<li><a href=\"#\" data-goto=\"0\" aria-label=\"Display slide 1\"><\/a><\/li>\n\t\t\t\t\t\t\t\t\t\t\t<li><a href=\"#\" data-goto=\"1\" aria-label=\"Display slide 2\"><\/a><\/li>\n\t\t\t\t\t\t\t\t\t\t\t<li><a href=\"#\" data-goto=\"2\" aria-label=\"Display slide 3\"><\/a><\/li>\n\t\t\t\t\t\t\t\t\t\t\t<li><a href=\"#\" data-goto=\"3\" aria-label=\"Display slide 4\"><\/a><\/li>\n\t\t\t\t\t\t\t\t\t\t\t<li><a href=\"#\" data-goto=\"4\" aria-label=\"Display slide 5\"><\/a><\/li>\n\t\t\t\t\t\t\t\t\t<\/ol>\n\n\t\t\t\t<div class=\"sow-slide-nav sow-slide-nav-next\">\n\t\t\t\t\t<a href=\"#\" data-goto=\"next\" aria-label=\"Next slide\" data-action=\"next\">\n\t\t\t\t\t\t<em class=\"sow-sld-icon-thin-right\"><\/em>\n\t\t\t\t\t<\/a>\n\t\t\t\t<\/div>\n\n\t\t\t\t<div class=\"sow-slide-nav sow-slide-nav-prev\">\n\t\t\t\t\t<a href=\"#\" data-goto=\"previous\" aria-label=\"Previous slide\" data-action=\"prev\">\n\t\t\t\t\t\t<em class=\"sow-sld-icon-thin-left\"><\/em>\n\t\t\t\t\t<\/a>\n\t\t\t\t<\/div>\n\t\t\t\t<\/div><\/div><\/div><\/div><\/div><div id=\"pgc-583-0-1\"  class=\"panel-grid-cell\" ><div id=\"panel-583-0-1-0\" class=\"so-panel widget widget_text panel-first-child panel-last-child\" data-index=\"1\" ><div style=\"text-align: left;\" data-title-color=\"#443f3f\" data-headings-color=\"#443f3f\" class=\"panel-widget-style panel-widget-style-for-583-0-1-0\" ><h3 class=\"widget-title\">Smartes Home<\/h3>\t\t\t<div class=\"textwidget\"><p>Das Herzst\u00fcck der Installation ist ein Raspberry Pi. Zusammen mit einem Hutschienennetzteil h\u00e4ngt er in unserem Sicherungskasten.<\/p>\n<p>Installiert ist ein Ubuntu Linux, Homematic CCU2 per yahm und der ioBroker.<\/p>\n<p>Per Funkverbindung steuert die CCU2 diverse Lampen (\u00fcber Schaltaktoren) und Bewegungsmelder. Intelligente Skripte lassen eine enorme Flexibilit\u00e4t zu. Szenarien wie z.B. &#8222;gehe bei Sonnenuntergang an und leuchte bis 22:00 Uhr&#8220; sind sehr einfach realisierbar.<\/p>\n<p>Diverse Plugins f\u00fcr den ioBroker erleichtern die Anbindung diverser Systeme. \u00dcber den ioBroker kann ich z.B. unsere IKEA Tradfri Lampen \u00fcber einen CCU2 Wandtaster steuern.<\/p>\n<p>Auch die Smartphone Anbindung per HomeKit, Siri oder Alex ist kein Problem.<\/p>\n<\/div>\n\t\t<\/div><\/div><\/div><\/div><\/div><\/div>","protected":false},"excerpt":{"rendered":"<p>Das Herzst\u00fcck der Installation ist ein Raspberry Pi. Zusammen mit einem Hutschienennetzteil h\u00e4ngt er in unserem Sicherungskasten. Installiert ist ein Ubuntu Linux, [&hellip;]<\/p>\n","protected":false},"author":1,"featured_media":0,"parent":519,"menu_order":0,"comment_status":"closed","ping_status":"closed","template":"page-templates\/page_fullwidth.php","meta":{"footnotes":""},"class_list":["post-583","page","type-page","status-publish","hentry"],"_links":{"self":[{"href":"http:\/\/www.ilike-it.de\/index.php?rest_route=\/wp\/v2\/pages\/583","targetHints":{"allow":["GET"]}}],"collection":[{"href":"http:\/\/www.ilike-it.de\/index.php?rest_route=\/wp\/v2\/pages"}],"about":[{"href":"http:\/\/www.ilike-it.de\/index.php?rest_route=\/wp\/v2\/types\/page"}],"author":[{"embeddable":true,"href":"http:\/\/www.ilike-it.de\/index.php?rest_route=\/wp\/v2\/users\/1"}],"replies":[{"embeddable":true,"href":"http:\/\/www.ilike-it.de\/index.php?rest_route=%2Fwp%2Fv2%2Fcomments&post=583"}],"version-history":[{"count":14,"href":"http:\/\/www.ilike-it.de\/index.php?rest_route=\/wp\/v2\/pages\/583\/revisions"}],"predecessor-version":[{"id":797,"href":"http:\/\/www.ilike-it.de\/index.php?rest_route=\/wp\/v2\/pages\/583\/revisions\/797"}],"up":[{"embeddable":true,"href":"http:\/\/www.ilike-it.de\/index.php?rest_route=\/wp\/v2\/pages\/519"}],"wp:attachment":[{"href":"http:\/\/www.ilike-it.de\/index.php?rest_route=%2Fwp%2Fv2%2Fmedia&parent=583"}],"curies":[{"name":"wp","href":"https:\/\/api.w.org\/{rel}","templated":true}]}}