{"id":581,"date":"2018-03-17T17:45:19","date_gmt":"2018-03-17T17:45:19","guid":{"rendered":"http:\/\/www.ilike-it.de\/?page_id=581"},"modified":"2018-03-25T08:53:35","modified_gmt":"2018-03-25T06:53:35","slug":"ilike-it","status":"publish","type":"page","link":"http:\/\/www.ilike-it.de\/?page_id=581","title":{"rendered":"iLike it"},"content":{"rendered":"<div id=\"pl-581\"  class=\"panel-layout\" ><div id=\"pg-581-0\"  class=\"panel-grid panel-has-style\" ><div style=\"padding: 100px 0; \" data-overlay=\"true\" data-overlay-color=\"#000000\" class=\"panel-row-style panel-row-style-for-581-0\" ><div id=\"pgc-581-0-0\"  class=\"panel-grid-cell\" ><div id=\"panel-581-0-0-0\" class=\"so-panel widget widget_sow-slider panel-first-child panel-last-child\" data-index=\"0\" ><div style=\"text-align: left;\" data-title-color=\"#443f3f\" data-headings-color=\"#443f3f\" class=\"panel-widget-style panel-widget-style-for-581-0-0-0\" ><div\n\t\t\t\n\t\t\tclass=\"so-widget-sow-slider so-widget-sow-slider-default-6d39609536fd-581\"\n\t\t\t\n\t\t>\t\t\t\t<div class=\"sow-slider-base\" style=\"display: none\" tabindex=\"0\">\n\t\t\t\t\t<ul\n\t\t\t\t\tclass=\"sow-slider-images\"\n\t\t\t\t\tdata-settings=\"{&quot;pagination&quot;:true,&quot;speed&quot;:800,&quot;timeout&quot;:3000,&quot;paused&quot;:false,&quot;pause_on_hover&quot;:false,&quot;swipe&quot;:true,&quot;nav_always_show_desktop&quot;:&quot;&quot;,&quot;nav_always_show_mobile&quot;:&quot;&quot;,&quot;breakpoint&quot;:&quot;780px&quot;,&quot;unmute&quot;:false,&quot;anchor&quot;:null}\"\n\t\t\t\t\t\t\t\t\t\tdata-anchor-id=\"\"\n\t\t\t\t>\t\t<li class=\"sow-slider-image\" style=\"visibility: visible;\" >\n\t\t\t\t\t\t<div class=\"sow-slider-image-container\">\n\t\t\t\t<div class=\"sow-slider-image-wrapper\" style=\"max-width: 473px\">\n\t\t\t\t\t\t\t\t\t\t<div class=\"sow-slider-image-foreground-wrapper\">\n\t\t\t\t\t\t<img loading=\"lazy\" decoding=\"async\" width=\"473\" height=\"808\" src=\"http:\/\/www.ilike-it.de\/wp-content\/uploads\/2018\/03\/iLike_Kiez.png\" class=\"sow-slider-foreground-image\" alt=\"\" style=\"\" srcset=\"http:\/\/www.ilike-it.de\/wp-content\/uploads\/2018\/03\/iLike_Kiez.png 473w, http:\/\/www.ilike-it.de\/wp-content\/uploads\/2018\/03\/iLike_Kiez-176x300.png 176w, http:\/\/www.ilike-it.de\/wp-content\/uploads\/2018\/03\/iLike_Kiez-230x393.png 230w, http:\/\/www.ilike-it.de\/wp-content\/uploads\/2018\/03\/iLike_Kiez-350x598.png 350w\" sizes=\"auto, (max-width: 473px) 100vw, 473px\" \/>\t\t\t\t\t<\/div>\n\t\t\t\t\t\t\t\t\t<\/div>\n\t\t\t<\/div>\n\t\t\t\t\t<\/li>\n\t\t\t\t<li class=\"sow-slider-image\" style=\"visibility: hidden;\" >\n\t\t\t\t\t\t<div class=\"sow-slider-image-container\">\n\t\t\t\t<div class=\"sow-slider-image-wrapper\" style=\"max-width: 473px\">\n\t\t\t\t\t\t\t\t\t\t<div class=\"sow-slider-image-foreground-wrapper\">\n\t\t\t\t\t\t<img loading=\"lazy\" decoding=\"async\" width=\"473\" height=\"808\" src=\"http:\/\/www.ilike-it.de\/wp-content\/uploads\/2018\/03\/iOS_TopfSoft.png\" class=\"sow-slider-foreground-image\" alt=\"\" style=\"\" srcset=\"http:\/\/www.ilike-it.de\/wp-content\/uploads\/2018\/03\/iOS_TopfSoft.png 473w, http:\/\/www.ilike-it.de\/wp-content\/uploads\/2018\/03\/iOS_TopfSoft-176x300.png 176w, http:\/\/www.ilike-it.de\/wp-content\/uploads\/2018\/03\/iOS_TopfSoft-230x393.png 230w, http:\/\/www.ilike-it.de\/wp-content\/uploads\/2018\/03\/iOS_TopfSoft-350x598.png 350w\" sizes=\"auto, (max-width: 473px) 100vw, 473px\" \/>\t\t\t\t\t<\/div>\n\t\t\t\t\t\t\t\t\t<\/div>\n\t\t\t<\/div>\n\t\t\t\t\t<\/li>\n\t\t\t\t<li class=\"sow-slider-image\" style=\"visibility: hidden;\" >\n\t\t\t\t\t\t<div class=\"sow-slider-image-container\">\n\t\t\t\t<div class=\"sow-slider-image-wrapper\" style=\"max-width: 473px\">\n\t\t\t\t\t\t\t\t\t\t<div class=\"sow-slider-image-foreground-wrapper\">\n\t\t\t\t\t\t<img loading=\"lazy\" decoding=\"async\" width=\"473\" height=\"808\" src=\"http:\/\/www.ilike-it.de\/wp-content\/uploads\/2018\/03\/iLike_Filter.png\" class=\"sow-slider-foreground-image\" alt=\"\" style=\"\" srcset=\"http:\/\/www.ilike-it.de\/wp-content\/uploads\/2018\/03\/iLike_Filter.png 473w, http:\/\/www.ilike-it.de\/wp-content\/uploads\/2018\/03\/iLike_Filter-176x300.png 176w, http:\/\/www.ilike-it.de\/wp-content\/uploads\/2018\/03\/iLike_Filter-230x393.png 230w, http:\/\/www.ilike-it.de\/wp-content\/uploads\/2018\/03\/iLike_Filter-350x598.png 350w\" sizes=\"auto, (max-width: 473px) 100vw, 473px\" \/>\t\t\t\t\t<\/div>\n\t\t\t\t\t\t\t\t\t<\/div>\n\t\t\t<\/div>\n\t\t\t\t\t<\/li>\n\t\t<\/ul>\t\t\t\t<ol class=\"sow-slider-pagination\">\n\t\t\t\t\t\t\t\t\t\t\t<li><a href=\"#\" data-goto=\"0\" aria-label=\"Display slide 1\"><\/a><\/li>\n\t\t\t\t\t\t\t\t\t\t\t<li><a href=\"#\" data-goto=\"1\" aria-label=\"Display slide 2\"><\/a><\/li>\n\t\t\t\t\t\t\t\t\t\t\t<li><a href=\"#\" data-goto=\"2\" aria-label=\"Display slide 3\"><\/a><\/li>\n\t\t\t\t\t\t\t\t\t<\/ol>\n\n\t\t\t\t<div class=\"sow-slide-nav sow-slide-nav-next\">\n\t\t\t\t\t<a href=\"#\" data-goto=\"next\" aria-label=\"Next slide\" data-action=\"next\">\n\t\t\t\t\t\t<em class=\"sow-sld-icon-thin-right\"><\/em>\n\t\t\t\t\t<\/a>\n\t\t\t\t<\/div>\n\n\t\t\t\t<div class=\"sow-slide-nav sow-slide-nav-prev\">\n\t\t\t\t\t<a href=\"#\" data-goto=\"previous\" aria-label=\"Previous slide\" data-action=\"prev\">\n\t\t\t\t\t\t<em class=\"sow-sld-icon-thin-left\"><\/em>\n\t\t\t\t\t<\/a>\n\t\t\t\t<\/div>\n\t\t\t\t<\/div><\/div><\/div><\/div><\/div><div id=\"pgc-581-0-1\"  class=\"panel-grid-cell\" ><div id=\"panel-581-0-1-0\" class=\"so-panel widget widget_text panel-first-child panel-last-child\" data-index=\"1\" ><div style=\"text-align: left;\" data-title-color=\"#443f3f\" data-headings-color=\"#443f3f\" class=\"panel-widget-style panel-widget-style-for-581-0-1-0\" ><h3 class=\"widget-title\">iLike it | alternative zu Google &#038; Co.<\/h3>\t\t\t<div class=\"textwidget\"><p>Suchen Sie mit Hilfe der iLike it App Restaurants, Bars, Krankenh\u00e4user, Parkpl\u00e4tze, Fitnessstudios, &#8230; unmittelbar in Ihrer N\u00e4he. Beliebte Ziele k\u00f6nnen als Favoriten gespeichert werden. Anrufen per Touch oder Navigation zum Ziel &#8211; alles integriert.<\/p>\n<p>Ca. 2Mio OpenStreatMap Daten werden in einer MongoDB f\u00fcr die iLike it App gespeichert und regelm\u00e4\u00dfig aktualisiert. Ziele in ganz Europa k\u00f6nnen so abgerufen werden. Intelligente Suchalgorithmen stellen eine zuverl\u00e4ssige und zielgerichtete Suche zur Verf\u00fcgung.<\/p>\n<p><a href=\"https:\/\/itunes.apple.com\/ro\/app\/ilike-it\/id1338275399?mt=8\">&#8211; iLike it im AppStore &#8211;<\/a><\/p>\n<p>&nbsp;<\/p>\n<p>&nbsp;<\/p>\n<p>&nbsp;<\/p>\n<p>&nbsp;<\/p>\n<p>&nbsp;<\/p>\n<pre>Daten von <a href=\"http:\/\/www.openstreetmap.org\/\">OpenStreetMap<\/a> - Ver\u00f6ffentlicht unter <a href=\"http:\/\/opendatacommons.org\/licenses\/odbl\/\">ODbL<\/a><\/pre>\n<\/div>\n\t\t<\/div><\/div><\/div><\/div><\/div><div id=\"pg-581-1\"  class=\"panel-grid panel-has-style\" ><div style=\"padding: 100px 0; \" data-overlay=\"true\" data-overlay-color=\"#000000\" class=\"panel-row-style panel-row-style-for-581-1\" ><div id=\"pgc-581-1-0\"  class=\"panel-grid-cell\" ><div id=\"panel-581-1-0-0\" class=\"so-panel widget widget_text panel-first-child panel-last-child\" data-index=\"2\" ><div style=\"text-align: left;\" data-title-color=\"#443f3f\" data-headings-color=\"#443f3f\" class=\"panel-widget-style panel-widget-style-for-581-1-0-0\" >\t\t\t<div class=\"textwidget\"><p><strong>Search<\/strong><\/p>\n<p>\u00dcber einen Touch auf Search wird die Suche durchgef\u00fchrt. Die App sucht dann nach den in den App Voreingestellten Suchkriterien. Diese k\u00f6nnen u.A. Restaurants, Bars, Polizeiwachen, Marinas, Gesch\u00e4fte, &#8230; sein.<\/p>\n<p><strong>Filter<\/strong><\/p>\n<p>Das Filtersymbol erm\u00f6glicht das Einschr\u00e4nken der Suchergebnisse auf die gew\u00fcnschte Art. Will ich also nur nach einer Bar suchen, filtere ich das Ergebnis durch selektieren des Glassymboles.<\/p>\n<p><strong>List<\/strong><\/p>\n<p>Hier werden die Treffer in einer Liste dargestellt. Durch Klick auf einen Eintrag werden weitere Details angezeigt. Der Stern signalisiert, ob der Treffer als Favorit hinterlegt ist.<\/p>\n<p><strong>iLike<\/strong><\/p>\n<p>Alle meine individuell hinterlegten Favoriten werden hier angezeigt.<\/p>\n<\/div>\n\t\t<\/div><\/div><\/div><div id=\"pgc-581-1-1\"  class=\"panel-grid-cell\" ><div id=\"panel-581-1-1-0\" class=\"so-panel widget widget_media_image panel-first-child panel-last-child\" data-index=\"3\" ><div style=\"text-align: left;\" data-title-color=\"#443f3f\" data-headings-color=\"#443f3f\" class=\"panel-widget-style panel-widget-style-for-581-1-1-0\" ><img loading=\"lazy\" decoding=\"async\" width=\"176\" height=\"300\" src=\"http:\/\/www.ilike-it.de\/wp-content\/uploads\/2018\/03\/iLike_Kiez-176x300.png\" class=\"image wp-image-846  attachment-medium size-medium\" alt=\"\" style=\"max-width: 100%; height: auto;\" srcset=\"http:\/\/www.ilike-it.de\/wp-content\/uploads\/2018\/03\/iLike_Kiez-176x300.png 176w, http:\/\/www.ilike-it.de\/wp-content\/uploads\/2018\/03\/iLike_Kiez-230x393.png 230w, http:\/\/www.ilike-it.de\/wp-content\/uploads\/2018\/03\/iLike_Kiez-350x598.png 350w, http:\/\/www.ilike-it.de\/wp-content\/uploads\/2018\/03\/iLike_Kiez.png 473w\" sizes=\"auto, (max-width: 176px) 100vw, 176px\" \/><\/div><\/div><\/div><\/div><\/div><div id=\"pg-581-2\"  class=\"panel-grid panel-has-style\" ><div class=\"siteorigin-panels-stretch panel-row-style panel-row-style-for-581-2\" style=\"padding: 100px 0; \" data-stretch-type=\"full-stretched\" data-overlay=\"true\" data-overlay-color=\"#000000\" ><div id=\"pgc-581-2-0\"  class=\"panel-grid-cell\" ><div id=\"panel-581-2-0-0\" class=\"so-panel widget widget_media_image panel-first-child panel-last-child\" data-index=\"4\" ><div style=\"text-align: left;\" data-title-color=\"#443f3f\" data-headings-color=\"#443f3f\" class=\"panel-widget-style panel-widget-style-for-581-2-0-0\" ><img loading=\"lazy\" decoding=\"async\" width=\"176\" height=\"300\" src=\"http:\/\/www.ilike-it.de\/wp-content\/uploads\/2018\/03\/iLike_Detail-176x300.png\" class=\"image wp-image-842  attachment-medium size-medium\" alt=\"\" style=\"max-width: 100%; height: auto;\" srcset=\"http:\/\/www.ilike-it.de\/wp-content\/uploads\/2018\/03\/iLike_Detail-176x300.png 176w, http:\/\/www.ilike-it.de\/wp-content\/uploads\/2018\/03\/iLike_Detail-230x393.png 230w, http:\/\/www.ilike-it.de\/wp-content\/uploads\/2018\/03\/iLike_Detail-350x598.png 350w, http:\/\/www.ilike-it.de\/wp-content\/uploads\/2018\/03\/iLike_Detail.png 473w\" sizes=\"auto, (max-width: 176px) 100vw, 176px\" \/><\/div><\/div><\/div><div id=\"pgc-581-2-1\"  class=\"panel-grid-cell\" ><div id=\"panel-581-2-1-0\" class=\"so-panel widget widget_media_image panel-first-child panel-last-child\" data-index=\"5\" ><div style=\"text-align: left;\" data-title-color=\"#443f3f\" data-headings-color=\"#443f3f\" class=\"panel-widget-style panel-widget-style-for-581-2-1-0\" ><img loading=\"lazy\" decoding=\"async\" width=\"176\" height=\"300\" src=\"http:\/\/www.ilike-it.de\/wp-content\/uploads\/2018\/03\/iLike_Map_Marker-176x300.png\" class=\"image wp-image-848  attachment-medium size-medium\" alt=\"\" style=\"max-width: 100%; height: auto;\" srcset=\"http:\/\/www.ilike-it.de\/wp-content\/uploads\/2018\/03\/iLike_Map_Marker-176x300.png 176w, http:\/\/www.ilike-it.de\/wp-content\/uploads\/2018\/03\/iLike_Map_Marker-230x393.png 230w, http:\/\/www.ilike-it.de\/wp-content\/uploads\/2018\/03\/iLike_Map_Marker-350x598.png 350w, http:\/\/www.ilike-it.de\/wp-content\/uploads\/2018\/03\/iLike_Map_Marker.png 473w\" sizes=\"auto, (max-width: 176px) 100vw, 176px\" \/><\/div><\/div><\/div><div id=\"pgc-581-2-2\"  class=\"panel-grid-cell\" ><div id=\"panel-581-2-2-0\" class=\"so-panel widget widget_media_image panel-first-child panel-last-child\" data-index=\"6\" ><div style=\"text-align: left;\" data-title-color=\"#443f3f\" data-headings-color=\"#443f3f\" class=\"panel-widget-style panel-widget-style-for-581-2-2-0\" ><img loading=\"lazy\" decoding=\"async\" width=\"176\" height=\"300\" src=\"http:\/\/www.ilike-it.de\/wp-content\/uploads\/2018\/03\/iLike_Filter-176x300.png\" class=\"image wp-image-844  attachment-medium size-medium\" alt=\"\" style=\"max-width: 100%; height: auto;\" srcset=\"http:\/\/www.ilike-it.de\/wp-content\/uploads\/2018\/03\/iLike_Filter-176x300.png 176w, http:\/\/www.ilike-it.de\/wp-content\/uploads\/2018\/03\/iLike_Filter-230x393.png 230w, http:\/\/www.ilike-it.de\/wp-content\/uploads\/2018\/03\/iLike_Filter-350x598.png 350w, http:\/\/www.ilike-it.de\/wp-content\/uploads\/2018\/03\/iLike_Filter.png 473w\" sizes=\"auto, (max-width: 176px) 100vw, 176px\" \/><\/div><\/div><\/div><div id=\"pgc-581-2-3\"  class=\"panel-grid-cell\" ><div id=\"panel-581-2-3-0\" class=\"so-panel widget widget_media_image panel-first-child panel-last-child\" data-index=\"7\" ><div style=\"text-align: left;\" data-title-color=\"#443f3f\" data-headings-color=\"#443f3f\" class=\"panel-widget-style panel-widget-style-for-581-2-3-0\" ><img loading=\"lazy\" decoding=\"async\" width=\"176\" height=\"300\" src=\"http:\/\/www.ilike-it.de\/wp-content\/uploads\/2018\/03\/iLike_List-176x300.png\" class=\"image wp-image-847  attachment-medium size-medium\" alt=\"\" style=\"max-width: 100%; height: auto;\" srcset=\"http:\/\/www.ilike-it.de\/wp-content\/uploads\/2018\/03\/iLike_List-176x300.png 176w, http:\/\/www.ilike-it.de\/wp-content\/uploads\/2018\/03\/iLike_List-230x393.png 230w, http:\/\/www.ilike-it.de\/wp-content\/uploads\/2018\/03\/iLike_List-350x598.png 350w, http:\/\/www.ilike-it.de\/wp-content\/uploads\/2018\/03\/iLike_List.png 473w\" sizes=\"auto, (max-width: 176px) 100vw, 176px\" \/><\/div><\/div><\/div><\/div><\/div><div id=\"pg-581-3\"  class=\"panel-grid panel-has-style\" ><div style=\"padding: 100px 0; \" data-overlay=\"true\" data-overlay-color=\"#000000\" class=\"panel-row-style panel-row-style-for-581-3\" ><div id=\"pgc-581-3-0\"  class=\"panel-grid-cell\" ><div id=\"panel-581-3-0-0\" class=\"so-panel widget widget_text panel-first-child panel-last-child\" data-index=\"8\" ><div style=\"text-align: left;\" data-title-color=\"#443f3f\" data-headings-color=\"#443f3f\" class=\"panel-widget-style panel-widget-style-for-581-3-0-0\" >\t\t\t<div class=\"textwidget\"><p><strong>Detail<\/strong><\/p>\n<p>Die Detailanzeige pr\u00e4sentiert dem Anwender noch ein paar Zusatzinformationen wie z.B. die Entfernung zum Ziel oder aber auch eine Telefonnummer oder Webadresse. Eine Kartendarstellung erm\u00f6glicht die Orientierung und per Klick auf das Autosymbol kann die Navigation zum Ziel gestartet werden.<\/p>\n<p><strong>Voreinstellungen<\/strong><\/p>\n<p>\u00dcber die Voreinstellungen kann die App individuell eingestellt werden. Der Anwender kann unerw\u00fcnschte Suchergebnisse ein- oder ausblenden. Habe ich z.B. kein Interesse an Briefk\u00e4sten oder Taxist\u00e4nden k\u00f6nnen diese einfach deaktiviert werden.<\/p>\n<\/div>\n\t\t<\/div><\/div><\/div><div id=\"pgc-581-3-1\"  class=\"panel-grid-cell\" ><div id=\"panel-581-3-1-0\" class=\"so-panel widget widget_media_image panel-first-child panel-last-child\" data-index=\"9\" ><div style=\"text-align: left;\" data-title-color=\"#443f3f\" data-headings-color=\"#443f3f\" class=\"panel-widget-style panel-widget-style-for-581-3-1-0\" ><img loading=\"lazy\" decoding=\"async\" width=\"176\" height=\"300\" src=\"http:\/\/www.ilike-it.de\/wp-content\/uploads\/2018\/03\/iLike_Detail-176x300.png\" class=\"image wp-image-842  attachment-medium size-medium\" alt=\"\" style=\"max-width: 100%; height: auto;\" srcset=\"http:\/\/www.ilike-it.de\/wp-content\/uploads\/2018\/03\/iLike_Detail-176x300.png 176w, http:\/\/www.ilike-it.de\/wp-content\/uploads\/2018\/03\/iLike_Detail-230x393.png 230w, http:\/\/www.ilike-it.de\/wp-content\/uploads\/2018\/03\/iLike_Detail-350x598.png 350w, http:\/\/www.ilike-it.de\/wp-content\/uploads\/2018\/03\/iLike_Detail.png 473w\" sizes=\"auto, (max-width: 176px) 100vw, 176px\" \/><\/div><\/div><\/div><div id=\"pgc-581-3-2\"  class=\"panel-grid-cell\" ><div id=\"panel-581-3-2-0\" class=\"so-panel widget widget_media_image panel-first-child panel-last-child\" data-index=\"10\" ><div style=\"text-align: left;\" data-title-color=\"#443f3f\" data-headings-color=\"#443f3f\" class=\"panel-widget-style panel-widget-style-for-581-3-2-0\" ><img loading=\"lazy\" decoding=\"async\" width=\"176\" height=\"300\" src=\"http:\/\/www.ilike-it.de\/wp-content\/uploads\/2018\/03\/iLike_Prefs-176x300.png\" class=\"image wp-image-849  attachment-medium size-medium\" alt=\"\" style=\"max-width: 100%; height: auto;\" srcset=\"http:\/\/www.ilike-it.de\/wp-content\/uploads\/2018\/03\/iLike_Prefs-176x300.png 176w, http:\/\/www.ilike-it.de\/wp-content\/uploads\/2018\/03\/iLike_Prefs-230x393.png 230w, http:\/\/www.ilike-it.de\/wp-content\/uploads\/2018\/03\/iLike_Prefs-350x598.png 350w, http:\/\/www.ilike-it.de\/wp-content\/uploads\/2018\/03\/iLike_Prefs.png 473w\" sizes=\"auto, (max-width: 176px) 100vw, 176px\" \/><\/div><\/div><\/div><\/div><\/div><div id=\"pg-581-4\"  class=\"panel-grid panel-has-style\" ><div class=\"siteorigin-panels-stretch panel-row-style panel-row-style-for-581-4\" style=\"padding: 100px 0; \" data-stretch-type=\"full\" data-overlay=\"true\" data-overlay-color=\"#000000\" ><div id=\"pgc-581-4-0\"  class=\"panel-grid-cell\" ><div id=\"panel-581-4-0-0\" class=\"so-panel widget widget_sydney_facts sydney_facts_widget panel-first-child panel-last-child\" data-index=\"11\" ><div style=\"text-align: center;\" data-title-color=\"#ffffff\" data-headings-color=\"#443f3f\" class=\"panel-widget-style panel-widget-style-for-581-4-0-0\" >\r\n\t\t<h3 class=\"widget-title\">iLike it &#8211; Zahlen und Fakten<\/h3>\r\n\t\t\t\t<div class=\"col-md-3 col-sm-3\">\r\n\t\t\t<div class=\"roll-counter\">\r\n\t\t\t\t<i class=\"fa fa-bullseye\"><\/i>\r\n\t\t\t\t<div class=\"name-count\">Geodaten<\/div>\r\n\t\t\t\t<div class=\"numb-count\" data-from=\"0\" data-to=\"2013567\" data-speed=\"2000\" data-waypoint-active=\"yes\">2013567<\/div>\r\n\t\t\t<\/div>\r\n\t\t<\/div>\r\n\t\t\t\t\t\t<div class=\"col-md-3 col-sm-3\">\r\n\t\t\t<div class=\"roll-counter\">\r\n\t\t\t\t<i class=\"fa fa-flag\"><\/i>\r\n\t\t\t\t<div class=\"name-count\">L\u00e4nder<\/div>\r\n\t\t\t\t<div class=\"numb-count\" data-from=\"0\" data-to=\"28\" data-speed=\"2000\" data-waypoint-active=\"yes\">28<\/div>\r\n\t\t\t<\/div>\r\n\t\t<\/div>\r\n\t\t\t\t\t\t<div class=\"col-md-3 col-sm-3\">\r\n\t\t\t<div class=\"roll-counter\">\r\n\t\t\t\t<i class=\"fa fa-hourglass\"><\/i>\r\n\t\t\t\t<div class=\"name-count\">Entwicklungsstunden<\/div>\r\n\t\t\t\t<div class=\"numb-count\" data-from=\"0\" data-to=\"2453\" data-speed=\"2000\" data-waypoint-active=\"yes\">2453<\/div>\r\n\t\t\t<\/div>\r\n\t\t<\/div>\r\n\t\t\t\t\t\t<div class=\"col-md-3 col-sm-3\">\r\n\t\t\t<div class=\"roll-counter\">\r\n\t\t\t\t<i class=\"fa fa-info-circle\"><\/i>\r\n\t\t\t\t<div class=\"name-count\">Codezeilen<\/div>\r\n\t\t\t\t<div class=\"numb-count\" data-from=\"0\" data-to=\"1232\" data-speed=\"2000\" data-waypoint-active=\"yes\">1232<\/div>\r\n\t\t\t<\/div>\r\n\t\t<\/div>\r\n\t\t\r\n\t<\/div><\/div><\/div><\/div><\/div><\/div>","protected":false},"excerpt":{"rendered":"<p>Suchen Sie mit Hilfe der iLike it App Restaurants, Bars, Krankenh\u00e4user, Parkpl\u00e4tze, Fitnessstudios, &#8230; unmittelbar in Ihrer N\u00e4he. Beliebte Ziele k\u00f6nnen als [&hellip;]<\/p>\n","protected":false},"author":1,"featured_media":0,"parent":519,"menu_order":0,"comment_status":"closed","ping_status":"closed","template":"page-templates\/page_fullwidth.php","meta":{"footnotes":""},"class_list":["post-581","page","type-page","status-publish","hentry"],"_links":{"self":[{"href":"http:\/\/www.ilike-it.de\/index.php?rest_route=\/wp\/v2\/pages\/581","targetHints":{"allow":["GET"]}}],"collection":[{"href":"http:\/\/www.ilike-it.de\/index.php?rest_route=\/wp\/v2\/pages"}],"about":[{"href":"http:\/\/www.ilike-it.de\/index.php?rest_route=\/wp\/v2\/types\/page"}],"author":[{"embeddable":true,"href":"http:\/\/www.ilike-it.de\/index.php?rest_route=\/wp\/v2\/users\/1"}],"replies":[{"embeddable":true,"href":"http:\/\/www.ilike-it.de\/index.php?rest_route=%2Fwp%2Fv2%2Fcomments&post=581"}],"version-history":[{"count":55,"href":"http:\/\/www.ilike-it.de\/index.php?rest_route=\/wp\/v2\/pages\/581\/revisions"}],"predecessor-version":[{"id":882,"href":"http:\/\/www.ilike-it.de\/index.php?rest_route=\/wp\/v2\/pages\/581\/revisions\/882"}],"up":[{"embeddable":true,"href":"http:\/\/www.ilike-it.de\/index.php?rest_route=\/wp\/v2\/pages\/519"}],"wp:attachment":[{"href":"http:\/\/www.ilike-it.de\/index.php?rest_route=%2Fwp%2Fv2%2Fmedia&parent=581"}],"curies":[{"name":"wp","href":"https:\/\/api.w.org\/{rel}","templated":true}]}}