{"id":519,"date":"2018-03-17T07:16:50","date_gmt":"2018-03-17T07:16:50","guid":{"rendered":"http:\/\/www.ilike-it.de\/?page_id=519"},"modified":"2018-03-18T13:33:21","modified_gmt":"2018-03-18T13:33:21","slug":"projekte","status":"publish","type":"page","link":"http:\/\/www.ilike-it.de\/?page_id=519","title":{"rendered":"Projekte"},"content":{"rendered":"<div id=\"pl-519\"  class=\"panel-layout\" ><div id=\"pg-519-0\"  class=\"panel-grid panel-has-style\" ><div class=\"siteorigin-panels-stretch panel-row-style panel-row-style-for-519-0\" style=\"padding: 100px 0; \" data-stretch-type=\"full\" data-overlay=\"true\" data-overlay-color=\"#000000\" ><div id=\"pgc-519-0-0\"  class=\"panel-grid-cell\" ><div id=\"panel-519-0-0-0\" class=\"so-panel widget widget_media_image panel-first-child panel-last-child\" data-index=\"0\" ><div style=\"text-align: left;\" data-title-color=\"#443f3f\" data-headings-color=\"#443f3f\" class=\"panel-widget-style panel-widget-style-for-519-0-0-0\" ><a href=\"http:\/\/www.ilike-it.de\/?page_id=581\"><img loading=\"lazy\" decoding=\"async\" width=\"150\" height=\"150\" src=\"http:\/\/www.ilike-it.de\/wp-content\/uploads\/2018\/03\/pro_ilikeit-150x150.png\" class=\"image wp-image-649  attachment-thumbnail size-thumbnail\" alt=\"\" style=\"max-width: 100%; height: auto;\" srcset=\"http:\/\/www.ilike-it.de\/wp-content\/uploads\/2018\/03\/pro_ilikeit-150x150.png 150w, http:\/\/www.ilike-it.de\/wp-content\/uploads\/2018\/03\/pro_ilikeit-230x230.png 230w, http:\/\/www.ilike-it.de\/wp-content\/uploads\/2018\/03\/pro_ilikeit.png 242w\" sizes=\"auto, (max-width: 150px) 100vw, 150px\" \/><\/a><\/div><\/div><\/div><div id=\"pgc-519-0-1\"  class=\"panel-grid-cell\" ><div id=\"panel-519-0-1-0\" class=\"so-panel widget widget_text panel-first-child panel-last-child\" data-index=\"1\" ><div style=\"text-align: left;\" data-title-color=\"#443f3f\" data-headings-color=\"#443f3f\" class=\"panel-widget-style panel-widget-style-for-519-0-1-0\" >\t\t\t<div class=\"textwidget\"><p><strong>iLike it<\/strong><\/p>\n<p>Suchen und Finden rund um den eigenen Standort. Speichern beliebter Ziele (Favoriten).Navigation zum gew\u00fcnschten Ziel. Zusatzinformationen wie Telefonnummer und www Adresse, &#8230; einfacher als Google\/Apple und sch\u00f6ner als Around ME!<\/p>\n<p><a href=\"http:\/\/www.ilike-it.de\/?page_id=581\">-click-<\/a><\/p>\n<\/div>\n\t\t<\/div><\/div><\/div><\/div><\/div><div id=\"pg-519-1\"  class=\"panel-grid panel-has-style\" ><div class=\"siteorigin-panels-stretch panel-row-style panel-row-style-for-519-1\" style=\"padding: 100px 0; \" data-stretch-type=\"full\" data-overlay=\"true\" data-overlay-color=\"#000000\" ><div id=\"pgc-519-1-0\"  class=\"panel-grid-cell\" ><div id=\"panel-519-1-0-0\" class=\"so-panel widget widget_media_image panel-first-child panel-last-child\" data-index=\"2\" ><div style=\"text-align: left;\" data-title-color=\"#443f3f\" data-headings-color=\"#443f3f\" class=\"panel-widget-style panel-widget-style-for-519-1-0-0\" ><a href=\"http:\/\/www.ilike-it.de\/?page_id=578\"><img loading=\"lazy\" decoding=\"async\" width=\"150\" height=\"150\" src=\"http:\/\/www.ilike-it.de\/wp-content\/uploads\/2018\/03\/pro_toni-150x150.png\" class=\"image wp-image-610  attachment-thumbnail size-thumbnail\" alt=\"\" style=\"max-width: 100%; height: auto;\" \/><\/a><\/div><\/div><\/div><div id=\"pgc-519-1-1\"  class=\"panel-grid-cell\" ><div id=\"panel-519-1-1-0\" class=\"so-panel widget widget_text panel-first-child panel-last-child\" data-index=\"3\" ><div style=\"text-align: left;\" data-title-color=\"#443f3f\" data-headings-color=\"#443f3f\" class=\"panel-widget-style panel-widget-style-for-519-1-1-0\" >\t\t\t<div class=\"textwidget\"><p><strong>Toni Tomato<\/strong><\/p>\n<p>Jump Action Spiel. Toni \u00e4rgert die Umweltverschmutzung durch die Methanverseuchung durch Rinder. Steuere Toni und sammle m\u00f6glichst viele F\u00fcrze.<\/p>\n<p>Voller Erfolg besonders in China &#8211; warum auch immer \ud83d\ude42<\/p>\n<p><a href=\"http:\/\/www.ilike-it.de\/?page_id=578\">-click-<\/a><\/p>\n<\/div>\n\t\t<\/div><\/div><\/div><\/div><\/div><div id=\"pg-519-2\"  class=\"panel-grid panel-has-style\" ><div class=\"siteorigin-panels-stretch panel-row-style panel-row-style-for-519-2\" style=\"padding: 100px 0; \" data-stretch-type=\"full\" data-overlay=\"true\" data-overlay-color=\"#000000\" ><div id=\"pgc-519-2-0\"  class=\"panel-grid-cell\" ><div id=\"panel-519-2-0-0\" class=\"so-panel widget widget_media_image panel-first-child panel-last-child\" data-index=\"4\" ><div style=\"text-align: left;\" data-title-color=\"#443f3f\" data-headings-color=\"#443f3f\" class=\"panel-widget-style panel-widget-style-for-519-2-0-0\" ><a href=\"http:\/\/www.ilike-it.de\/?page_id=583\"><img loading=\"lazy\" decoding=\"async\" width=\"150\" height=\"203\" src=\"http:\/\/www.ilike-it.de\/wp-content\/uploads\/2018\/03\/pro_homematic-221x300.png\" class=\"image wp-image-611  attachment-150x203 size-150x203\" alt=\"\" style=\"max-width: 100%; height: auto;\" srcset=\"http:\/\/www.ilike-it.de\/wp-content\/uploads\/2018\/03\/pro_homematic-221x300.png 221w, http:\/\/www.ilike-it.de\/wp-content\/uploads\/2018\/03\/pro_homematic-768x1042.png 768w, http:\/\/www.ilike-it.de\/wp-content\/uploads\/2018\/03\/pro_homematic-755x1024.png 755w, http:\/\/www.ilike-it.de\/wp-content\/uploads\/2018\/03\/pro_homematic-830x1126.png 830w, http:\/\/www.ilike-it.de\/wp-content\/uploads\/2018\/03\/pro_homematic-230x312.png 230w, http:\/\/www.ilike-it.de\/wp-content\/uploads\/2018\/03\/pro_homematic-350x475.png 350w, http:\/\/www.ilike-it.de\/wp-content\/uploads\/2018\/03\/pro_homematic-480x651.png 480w, http:\/\/www.ilike-it.de\/wp-content\/uploads\/2018\/03\/pro_homematic.png 1150w\" sizes=\"auto, (max-width: 150px) 100vw, 150px\" \/><\/a><\/div><\/div><\/div><div id=\"pgc-519-2-1\"  class=\"panel-grid-cell\" ><div id=\"panel-519-2-1-0\" class=\"so-panel widget widget_text panel-first-child panel-last-child\" data-index=\"5\" ><div style=\"text-align: left;\" data-title-color=\"#443f3f\" data-headings-color=\"#443f3f\" class=\"panel-widget-style panel-widget-style-for-519-2-1-0\" >\t\t\t<div class=\"textwidget\"><p><strong>Smart Home<\/strong><\/p>\n<p>Schwerpunkt hier Steuerung der Beleuchtung. Ich nutze als &#8222;Mittelpunkt&#8220; meiner Smart Home Installation die Software ioBroker installiert auf einem Raspberry Pi. Diese Software verbindet dann meine CCU2 und unsere IKEA Tradfri LED Lampen. Das ganze dann teilweise zeitgesteuert, \u00fcber Bewegungsmelder oder aber auch einfach per Wandschalter &#8211; alles ist m\u00f6glich.<\/p>\n<p><a href=\"http:\/\/www.ilike-it.de\/?page_id=583\">-click-<\/a><\/p>\n<\/div>\n\t\t<\/div><\/div><\/div><\/div><\/div><\/div>","protected":false},"excerpt":{"rendered":"<p>iLike it Suchen und Finden rund um den eigenen Standort. Speichern beliebter Ziele (Favoriten).Navigation zum gew\u00fcnschten Ziel. Zusatzinformationen wie Telefonnummer und www [&hellip;]<\/p>\n","protected":false},"author":1,"featured_media":0,"parent":0,"menu_order":0,"comment_status":"closed","ping_status":"closed","template":"page-templates\/page_fullwidth.php","meta":{"footnotes":""},"class_list":["post-519","page","type-page","status-publish","hentry"],"_links":{"self":[{"href":"http:\/\/www.ilike-it.de\/index.php?rest_route=\/wp\/v2\/pages\/519","targetHints":{"allow":["GET"]}}],"collection":[{"href":"http:\/\/www.ilike-it.de\/index.php?rest_route=\/wp\/v2\/pages"}],"about":[{"href":"http:\/\/www.ilike-it.de\/index.php?rest_route=\/wp\/v2\/types\/page"}],"author":[{"embeddable":true,"href":"http:\/\/www.ilike-it.de\/index.php?rest_route=\/wp\/v2\/users\/1"}],"replies":[{"embeddable":true,"href":"http:\/\/www.ilike-it.de\/index.php?rest_route=%2Fwp%2Fv2%2Fcomments&post=519"}],"version-history":[{"count":20,"href":"http:\/\/www.ilike-it.de\/index.php?rest_route=\/wp\/v2\/pages\/519\/revisions"}],"predecessor-version":[{"id":755,"href":"http:\/\/www.ilike-it.de\/index.php?rest_route=\/wp\/v2\/pages\/519\/revisions\/755"}],"wp:attachment":[{"href":"http:\/\/www.ilike-it.de\/index.php?rest_route=%2Fwp%2Fv2%2Fmedia&parent=519"}],"curies":[{"name":"wp","href":"https:\/\/api.w.org\/{rel}","templated":true}]}}